{"id":310,"date":"2022-11-23T07:37:19","date_gmt":"2022-11-23T07:37:19","guid":{"rendered":"https:\/\/eurilata.lt\/?page_id=310"},"modified":"2022-11-28T15:50:11","modified_gmt":"2022-11-28T15:50:11","slug":"apie-mus","status":"publish","type":"page","link":"https:\/\/eurilata.lt\/?page_id=310","title":{"rendered":"Apie Mus"},"content":{"rendered":"<!-- Added by Post\/Page specific custom CSS plugin, thank you for using! -->\n<style>#main{\r\nmargin: 0 auto;\r\nmax-width: 960px;\r\npadding: 0px 25px;\r\n}\r\n\r\n.info-block{\r\nline-height: 1.2em;\r\n}<\/style>\n\n<div class=\"wp-block-uagb-container uagb-block-fd885e96 alignwide uagb-is-root-container\">\n<div class=\"wp-block-uagb-advanced-heading uagb-block-0445bed4\"><h1 class=\"uagb-heading-text\">Apie Mus<\/h1><div class=\"uagb-separator\"><\/div><\/div>\n\n\n\n<p class=\"has-ffffff-background-color has-background\"><span class=\"x4k7w5x x1h91t0o x1h9r5lt x1jfb8zj xv2umb2 x1beo9mf xaigb6o x12ejxvf x3igimt xarpa2k xedcshv x1lytzrv x1t2pt76 x7ja8zs x1qrby5j\">Esame rinkoje daugiau nei 20 met\u0173! Per \u0161\u012f laik\u0105 m\u016bs\u0173 gamykla i\u0161augo iki nema\u017eo dyd\u017eio. Mes nestovime vietoje. <\/span><\/p>\n\n\n\n<p class=\"has-ffffff-background-color has-background\"><span class=\"x4k7w5x x1h91t0o x1h9r5lt x1jfb8zj xv2umb2 x1beo9mf xaigb6o x12ejxvf x3igimt xarpa2k xedcshv x1lytzrv x1t2pt76 x7ja8zs x1qrby5j\">D\u0117l m\u016bs\u0173 aistros ir ry\u017eto m\u016bs\u0173 produktai tampa vis geresni ir mes tuo did\u017eiuojam\u0117s! <\/span><\/p>\n\n\n\n<p class=\"has-ffffff-background-color has-background\"><span class=\"x4k7w5x x1h91t0o x1h9r5lt x1jfb8zj xv2umb2 x1beo9mf xaigb6o x12ejxvf x3igimt xarpa2k xedcshv x1lytzrv x1t2pt76 x7ja8zs x1qrby5j\">Specializuojames auk\u0161\u010diausios r\u016b\u0161ies  produkt\u0173 gamyboje, tik i\u0161 grynos m\u0117sos.<\/span><\/p>\n\n\n\n<p class=\"has-ffffff-background-color has-background\"><span class=\"x4k7w5x x1h91t0o x1h9r5lt x1jfb8zj xv2umb2 x1beo9mf xaigb6o x12ejxvf x3igimt xarpa2k xedcshv x1lytzrv x1t2pt76 x7ja8zs x1qrby5j\">Norin\u010dius \u012fsigyti kokybi\u0161k\u0173 ir tradicini\u0173 m\u0117sos gamini\u0173 maloniai laukiame m\u016bs\u0173 firmin\u0117je parduotuv\u0117je <strong>&#8220;R&amp;L M\u0117sos Namai&#8221;<\/strong>.<\/span><\/p>\n\n\n\n<div class=\"wp-block-uagb-advanced-heading uagb-block-1595f709\"><h1 class=\"uagb-heading-text\">Mus Rasite<\/h1><div class=\"uagb-separator\"><\/div><\/div>\n\n\n\n<div class=\"wp-block-uagb-container uag-hide-mob uagb-block-5bd3dfd4 alignfull uagb-is-root-container\"><div class=\"uagb-container-inner-blocks-wrap\">\n<div class=\"wp-block-uagb-container info-block uagb-block-32cb1f84\">\n<div class=\"wp-block-uagb-info-box uagb-block-08af7754 uagb-infobox__content-wrap  uagb-infobox-icon-above-title uagb-infobox-image-valign-top\"><div class=\"uagb-ifb-content\"><div class=\"uagb-ifb-title-wrap\"><h2 class=\"uagb-ifb-title\">UAB &#8220;Eurilata&#8221;<\/h2><\/div><p class=\"uagb-ifb-desc\">\u012f.k: 125955040<br>tel: +37063166566<br><br>\u0160umsko pl. 231, Verbu\u0161k\u0117s, <br>Vilniaus r. <br>LT-13133 <br><\/p><\/div><\/div>\n<\/div>\n\n\n\n<div class=\"wp-block-uagb-container uagb-block-6a3c3439\">\n<div class=\"wp-block-uagb-google-map uagb-google-map__wrap uagb-block-42766fb7\"><iframe class=\"uagb-google-map__iframe\" title=\"Google Map for \u0160umsko pl. 231, Verbu\u0161k\u0117s, LT-13133 Vilniaus r. \" src=\"https:\/\/www.google.com\/maps\/embed\/v1\/place?key=AIzaSyAsd_d46higiozY-zNqtr7zdA81Soswje4&amp;q=%C5%A0umsko%20pl.%20231,%20Verbu%C5%A1k%C4%97s,%20LT-13133%20Vilniaus%20r.%20&amp;zoom=10&amp;language=en\"><\/iframe><\/div>\n<\/div>\n<\/div><\/div>\n\n\n\n<div class=\"wp-block-uagb-info-box uagb-block-c54216ea uagb-infobox__content-wrap  uagb-infobox-icon-above-title uagb-infobox-image-valign-top uag-hide-desktop uag-hide-tab\"><div class=\"uagb-ifb-content\"><div class=\"uagb-ifb-title-wrap\"><h2 class=\"uagb-ifb-title\">UAB &#8220;Eurilata&#8221;<\/h2><\/div><p class=\"uagb-ifb-desc\">\u012f.k: 125955040<br>tel: +37063166566<br><br>\u0160umsko pl. 231, Verbu\u0161k\u0117s, <br>Vilniaus r. <br>LT-13133 <br><\/p><\/div><\/div>\n\n\n\n<div class=\"wp-block-uagb-google-map uagb-google-map__wrap uagb-block-3e238dc5 uag-hide-desktop uag-hide-tab\"><iframe class=\"uagb-google-map__iframe\" title=\"Google Map for \u0160umsko pl. 231, Verbu\u0161k\u0117s, LT-13133 Vilniaus r. \" src=\"https:\/\/www.google.com\/maps\/embed\/v1\/place?key=AIzaSyAsd_d46higiozY-zNqtr7zdA81Soswje4&amp;q=%C5%A0umsko%20pl.%20231,%20Verbu%C5%A1k%C4%97s,%20LT-13133%20Vilniaus%20r.%20&amp;zoom=10&amp;language=en\"><\/iframe><\/div>\n<\/div>\n","protected":false},"excerpt":{"rendered":"","protected":false},"author":1,"featured_media":0,"parent":0,"menu_order":0,"comment_status":"closed","ping_status":"closed","template":"","meta":[],"acf":[],"uagb_featured_image_src":{"full":false,"thumbnail":false,"medium":false,"medium_large":false,"large":false,"1536x1536":false,"2048x2048":false,"ocean-thumb-m":false,"ocean-thumb-ml":false,"ocean-thumb-l":false},"uagb_author_info":{"display_name":"eurilata","author_link":"https:\/\/eurilata.lt\/?author=1"},"uagb_comment_info":0,"uagb_excerpt":null,"_links":{"self":[{"href":"https:\/\/eurilata.lt\/index.php?rest_route=\/wp\/v2\/pages\/310"}],"collection":[{"href":"https:\/\/eurilata.lt\/index.php?rest_route=\/wp\/v2\/pages"}],"about":[{"href":"https:\/\/eurilata.lt\/index.php?rest_route=\/wp\/v2\/types\/page"}],"author":[{"embeddable":true,"href":"https:\/\/eurilata.lt\/index.php?rest_route=\/wp\/v2\/users\/1"}],"replies":[{"embeddable":true,"href":"https:\/\/eurilata.lt\/index.php?rest_route=%2Fwp%2Fv2%2Fcomments&post=310"}],"version-history":[{"count":36,"href":"https:\/\/eurilata.lt\/index.php?rest_route=\/wp\/v2\/pages\/310\/revisions"}],"predecessor-version":[{"id":825,"href":"https:\/\/eurilata.lt\/index.php?rest_route=\/wp\/v2\/pages\/310\/revisions\/825"}],"wp:attachment":[{"href":"https:\/\/eurilata.lt\/index.php?rest_route=%2Fwp%2Fv2%2Fmedia&parent=310"}],"curies":[{"name":"wp","href":"https:\/\/api.w.org\/{rel}","templated":true}]}}