{"id":626,"date":"2022-11-23T07:37:19","date_gmt":"2022-11-23T07:37:19","guid":{"rendered":"https:\/\/eurilata.lt\/?page_id=626"},"modified":"2022-11-23T07:45:33","modified_gmt":"2022-11-23T07:45:33","slug":"about-us","status":"publish","type":"page","link":"https:\/\/eurilata.lt\/?page_id=626&lang=en","title":{"rendered":"About us"},"content":{"rendered":"<!-- Added by Post\/Page specific custom CSS plugin, thank you for using! -->\n<style>#main{\r\nmargin: 0 auto;\r\nmax-width: 960px;\r\npadding: 0px 25px;\r\n}\r\n\r\n.info-block{\r\nline-height: 1.2em;\r\n}<\/style>\n\n<div class=\"wp-block-uagb-container uagb-block-23568883 alignwide uagb-is-root-container\">\n<div class=\"wp-block-uagb-advanced-heading uagb-block-cb26c9c1\"><h1 class=\"uagb-heading-text\">About Us<\/h1><div class=\"uagb-separator\"><\/div><\/div>\n\n\n\n<p class=\"has-ffffff-background-color has-background\">We have been on the market for over 20 years! During this time, our factory has grown to a considerable size. We do not stand still.<\/p>\n\n\n\n<p class=\"has-ffffff-background-color has-background\"><span class=\"x4k7w5x x1h91t0o x1h9r5lt x1jfb8zj xv2umb2 x1beo9mf xaigb6o x12ejxvf x3igimt xarpa2k xedcshv x1lytzrv x1t2pt76 x7ja8zs x1qrby5j\">Our passion and determination makes our products better and better, and we are proud of it! <\/span><\/p>\n\n\n\n<p class=\"has-ffffff-background-color has-background\"><span class=\"x4k7w5x x1h91t0o x1h9r5lt x1jfb8zj xv2umb2 x1beo9mf xaigb6o x12ejxvf x3igimt xarpa2k xedcshv x1lytzrv x1t2pt76 x7ja8zs x1qrby5j\">We specialize in the production of the highest quality products<\/span>, only from pure, real meat.<\/p>\n\n\n\n<p class=\"has-ffffff-background-color has-background\"><span class=\"x4k7w5x x1h91t0o x1h9r5lt x1jfb8zj xv2umb2 x1beo9mf xaigb6o x12ejxvf x3igimt xarpa2k xedcshv x1lytzrv x1t2pt76 x7ja8zs x1qrby5j\">Everyone who wants to buy high-quality traditional meat products is kindly  invited to our R&amp;L M\u0117sos Namai brand store.<\/span><\/p>\n\n\n\n<div class=\"wp-block-uagb-advanced-heading uagb-block-9dbded31\"><h1 class=\"uagb-heading-text\">Find Us At<\/h1><div class=\"uagb-separator\"><\/div><\/div>\n\n\n\n<div class=\"wp-block-uagb-container uag-hide-mob uagb-block-dbc36364 alignfull uagb-is-root-container\"><div class=\"uagb-container-inner-blocks-wrap\">\n<div class=\"wp-block-uagb-container info-block uagb-block-d6951de0\">\n<div class=\"wp-block-uagb-info-box uagb-block-baedaafb uagb-infobox__content-wrap  uagb-infobox-icon-above-title uagb-infobox-image-valign-top\"><div class=\"uagb-ifb-content\"><div class=\"uagb-ifb-title-wrap\"><h2 class=\"uagb-ifb-title\">UAB &#8220;Eurilata&#8221;<\/h2><\/div><p class=\"uagb-ifb-desc\">\u012f.k: 125955040<br>tel: +37063166566<br><br>\u0160umsko pl. 231, Verbu\u0161k\u0117s, <br>Vilniaus r. <br>LT-13133 <br><\/p><\/div><\/div>\n<\/div>\n\n\n\n<div class=\"wp-block-uagb-container uagb-block-c283e8c3\">\n<div class=\"wp-block-uagb-google-map uagb-google-map__wrap uagb-block-cfc12e47\"><iframe class=\"uagb-google-map__iframe\" title=\"Google Map for \u0160umsko pl. 231, Verbu\u0161k\u0117s, LT-13133 Vilniaus r. \" src=\"https:\/\/www.google.com\/maps\/embed\/v1\/place?key=AIzaSyAsd_d46higiozY-zNqtr7zdA81Soswje4&amp;q=%C5%A0umsko%20pl.%20231,%20Verbu%C5%A1k%C4%97s,%20LT-13133%20Vilniaus%20r.%20&amp;zoom=10&amp;language=en\"><\/iframe><\/div>\n<\/div>\n<\/div><\/div>\n\n\n\n<div class=\"wp-block-uagb-info-box uagb-block-fc80bdef uagb-infobox__content-wrap  uagb-infobox-icon-above-title uagb-infobox-image-valign-top uag-hide-desktop uag-hide-tab\"><div class=\"uagb-ifb-content\"><div class=\"uagb-ifb-title-wrap\"><h2 class=\"uagb-ifb-title\">UAB &#8220;Eurilata&#8221;<\/h2><\/div><p class=\"uagb-ifb-desc\">\u012f.k: 125955040<br>tel: +37063166566<br><br>\u0160umsko pl. 231, Verbu\u0161k\u0117s, <br>Vilniaus r. <br>LT-13133 <br><\/p><\/div><\/div>\n\n\n\n<div class=\"wp-block-uagb-google-map uagb-google-map__wrap uagb-block-c0db9de5 uag-hide-desktop uag-hide-tab\"><iframe class=\"uagb-google-map__iframe\" title=\"Google Map for \u0160umsko pl. 231, Verbu\u0161k\u0117s, LT-13133 Vilniaus r. \" src=\"https:\/\/www.google.com\/maps\/embed\/v1\/place?key=AIzaSyAsd_d46higiozY-zNqtr7zdA81Soswje4&amp;q=%C5%A0umsko%20pl.%20231,%20Verbu%C5%A1k%C4%97s,%20LT-13133%20Vilniaus%20r.%20&amp;zoom=10&amp;language=en\"><\/iframe><\/div>\n<\/div>\n","protected":false},"excerpt":{"rendered":"","protected":false},"author":1,"featured_media":0,"parent":0,"menu_order":0,"comment_status":"closed","ping_status":"closed","template":"","meta":[],"acf":[],"uagb_featured_image_src":{"full":false,"thumbnail":false,"medium":false,"medium_large":false,"large":false,"1536x1536":false,"2048x2048":false,"ocean-thumb-m":false,"ocean-thumb-ml":false,"ocean-thumb-l":false},"uagb_author_info":{"display_name":"eurilata","author_link":"https:\/\/eurilata.lt\/?author=1"},"uagb_comment_info":0,"uagb_excerpt":null,"_links":{"self":[{"href":"https:\/\/eurilata.lt\/index.php?rest_route=\/wp\/v2\/pages\/626"}],"collection":[{"href":"https:\/\/eurilata.lt\/index.php?rest_route=\/wp\/v2\/pages"}],"about":[{"href":"https:\/\/eurilata.lt\/index.php?rest_route=\/wp\/v2\/types\/page"}],"author":[{"embeddable":true,"href":"https:\/\/eurilata.lt\/index.php?rest_route=\/wp\/v2\/users\/1"}],"replies":[{"embeddable":true,"href":"https:\/\/eurilata.lt\/index.php?rest_route=%2Fwp%2Fv2%2Fcomments&post=626"}],"version-history":[{"count":2,"href":"https:\/\/eurilata.lt\/index.php?rest_route=\/wp\/v2\/pages\/626\/revisions"}],"predecessor-version":[{"id":630,"href":"https:\/\/eurilata.lt\/index.php?rest_route=\/wp\/v2\/pages\/626\/revisions\/630"}],"wp:attachment":[{"href":"https:\/\/eurilata.lt\/index.php?rest_route=%2Fwp%2Fv2%2Fmedia&parent=626"}],"curies":[{"name":"wp","href":"https:\/\/api.w.org\/{rel}","templated":true}]}}